{"id":53,"date":"2023-10-17T16:40:24","date_gmt":"2023-10-17T14:40:24","guid":{"rendered":"https:\/\/parlamain.fr\/?page_id=53"},"modified":"2024-07-04T11:52:41","modified_gmt":"2024-07-04T09:52:41","slug":"parlamain-fr-accueil","status":"publish","type":"page","link":"https:\/\/parlamain.fr\/","title":{"rendered":"accueil"},"content":{"rendered":"\n<h1 class=\"wp-block-heading\">\u00ab\u00a0Par la main\u00a0\u00bb ou \u00ab\u00a0parle \u00e0 main\u00a0\u00bb<\/h1>\n\n\n\n<p>Pourquoi le magn\u00e9tisme&nbsp;?<\/p>\n\n\n\n<p>Parce qu\u2019on le retrouve partout. Le magn\u00e9tisme est \u00e9nergie, et toute mati\u00e8re est \u00e9nergie. Et l\u2019\u00e9nergie ne reste pas fig\u00e9e. Elle circule normalement de fa\u00e7on harmonieuse dans le corps quand on est en bonne sant\u00e9.<\/p>\n\n\n\n<p>Depuis toujours, les mamans utilisent sans le savoir leur magn\u00e9tisme quand leur enfant se fait mal, en mettant la main sur la blessure ou en soufflant dessus. R\u00e9flexe naturel et inn\u00e9, comme si on fond de soi chacun savait.<\/p>\n\n\n\n<p>Alors avec le magn\u00e9tisme on peut aider cette \u00e9nergie \u00e0 retrouver son flux \u00e9quilibr\u00e9 qui, avec les traumatismes physiques et psychologiques devient chaotique et d\u00e9sordonn\u00e9. Ce chaos m\u00e8ne \u00e0 la maladie. Nos blocages deviennent des freins \u00e0 ce flux d\u2019\u00e9nergie et les organes et autres composantes de notre corps ne sont alors plus correctement aliment\u00e9s en \u00e9nergie.<\/p>\n\n\n\n<p>\u2018\u2019Par la main\u2019\u2019 parce que les mains sont des outils extraordinaires d\u2019\u00e9changes d\u2019informations. Les mains donnent et re\u00e7oivent.<\/p>\n\n\n\n<p>Mes mains se renseignent aupr\u00e8s aupr\u00e8s de votre corps et lui transmettent les informations n\u00e9cessaires pour r\u00e9\u00e9quilibrer votre flux \u00e9nerg\u00e9tique.<\/p>\n\n\n\n<p>Les soins durent environ 1 heure, ils aident \u00e0 retirer des blocages profond\u00e9ment ancr\u00e9s.<\/p>\n\n\n\n<p>L&rsquo;\u00e9nergie ne connait pas de limites, pas de fronti\u00e8res, c&rsquo;est pour \u00e7a que je peux travailler \u00e0 distance.<\/p>\n","protected":false},"excerpt":{"rendered":"<p>\u00ab\u00a0Par la main\u00a0\u00bb ou \u00ab\u00a0parle \u00e0 main\u00a0\u00bb Pourquoi le magn\u00e9tisme&nbsp;? Parce qu\u2019on le retrouve partout. Le magn\u00e9tisme est \u00e9nergie, et toute mati\u00e8re est \u00e9nergie. Et l\u2019\u00e9nergie ne reste pas fig\u00e9e. Elle circule normalement de fa\u00e7on harmonieuse dans le corps quand on est en bonne sant\u00e9. Depuis toujours, les mamans utilisent sans le savoir leur magn\u00e9tisme&hellip;&nbsp;<a href=\"https:\/\/parlamain.fr\/\" class=\"\" rel=\"bookmark\">Lire la suite &raquo;<span class=\"screen-reader-text\">accueil<\/span><\/a><\/p>\n","protected":false},"author":1,"featured_media":9,"parent":0,"menu_order":1,"comment_status":"closed","ping_status":"closed","template":"","meta":{"neve_meta_sidebar":"","neve_meta_container":"","neve_meta_enable_content_width":"","neve_meta_content_width":0,"neve_meta_title_alignment":"","neve_meta_author_avatar":"","neve_post_elements_order":"","neve_meta_disable_header":"","neve_meta_disable_footer":"","neve_meta_disable_title":"on","_ti_tpc_template_sync":false,"_ti_tpc_template_id":"","footnotes":""},"_links":{"self":[{"href":"https:\/\/parlamain.fr\/index.php?rest_route=\/wp\/v2\/pages\/53"}],"collection":[{"href":"https:\/\/parlamain.fr\/index.php?rest_route=\/wp\/v2\/pages"}],"about":[{"href":"https:\/\/parlamain.fr\/index.php?rest_route=\/wp\/v2\/types\/page"}],"author":[{"embeddable":true,"href":"https:\/\/parlamain.fr\/index.php?rest_route=\/wp\/v2\/users\/1"}],"replies":[{"embeddable":true,"href":"https:\/\/parlamain.fr\/index.php?rest_route=%2Fwp%2Fv2%2Fcomments&post=53"}],"version-history":[{"count":21,"href":"https:\/\/parlamain.fr\/index.php?rest_route=\/wp\/v2\/pages\/53\/revisions"}],"predecessor-version":[{"id":236,"href":"https:\/\/parlamain.fr\/index.php?rest_route=\/wp\/v2\/pages\/53\/revisions\/236"}],"wp:featuredmedia":[{"embeddable":true,"href":"https:\/\/parlamain.fr\/index.php?rest_route=\/wp\/v2\/media\/9"}],"wp:attachment":[{"href":"https:\/\/parlamain.fr\/index.php?rest_route=%2Fwp%2Fv2%2Fmedia&parent=53"}],"curies":[{"name":"wp","href":"https:\/\/api.w.org\/{rel}","templated":true}]}}