{"id":34,"date":"2023-10-03T15:18:40","date_gmt":"2023-10-03T13:18:40","guid":{"rendered":"https:\/\/parlamain.fr\/?page_id=34"},"modified":"2024-07-10T14:32:15","modified_gmt":"2024-07-10T12:32:15","slug":"qui-suis-je","status":"publish","type":"page","link":"https:\/\/parlamain.fr\/?page_id=34","title":{"rendered":"qui suis-je"},"content":{"rendered":"<div class=\"wp-block-image\">\n<figure class=\"aligncenter size-large is-resized\"><img decoding=\"async\" loading=\"lazy\" width=\"768\" height=\"1024\" src=\"https:\/\/parlamain.fr\/wp-content\/uploads\/2024\/06\/20240606_142834-768x1024.jpg\" alt=\"\" class=\"wp-image-218\" style=\"aspect-ratio:0.75;width:175px;height:auto\" srcset=\"https:\/\/parlamain.fr\/wp-content\/uploads\/2024\/06\/20240606_142834-768x1024.jpg 768w, https:\/\/parlamain.fr\/wp-content\/uploads\/2024\/06\/20240606_142834-225x300.jpg 225w, https:\/\/parlamain.fr\/wp-content\/uploads\/2024\/06\/20240606_142834-1152x1536.jpg 1152w, https:\/\/parlamain.fr\/wp-content\/uploads\/2024\/06\/20240606_142834-1536x2048.jpg 1536w, https:\/\/parlamain.fr\/wp-content\/uploads\/2024\/06\/20240606_142834-scaled.jpg 1920w\" sizes=\"(max-width: 768px) 100vw, 768px\" \/><\/figure><\/div>\n\n\n<p>Mon nom? Odile Blanc<\/p>\n\n\n\n<p>Passionn\u00e9e de la vie et du vivant voil\u00e0 plus de trente ans que je cherche \u00e0 comprendre le pourquoi de la maladie et que me suis rendu compte que le corps est bien plus complexe qu\u2019il n\u2019y parait.\u00a0 Le c\u00f4t\u00e9 physique et biologique en est une part, mais on oublie souvent sa part plus subtile puisqu&rsquo;en fait nous sommes de l&rsquo;\u00e9nergie. Les diff\u00e9rents traumatismes, de mauvaises m\u00e9moires, des process inconscients cr\u00e9ent des perturbation dans notre flux \u00e9nerg\u00e9tique et  peuvent nous emp\u00eacher d\u2019avancer dans la vie, et de gu\u00e9rir.<\/p>\n\n\n\n<p>C\u2019est dans cette partie plus subtile que j\u2019interviens. Je rentre en contact avec vos \u00e9nergies et vous dis ce qu&rsquo;il se passe, o\u00f9 et pourquoi \u00e7a bloque, et comment d\u00e9bloquer ce qui doit et peut l&rsquo;\u00eatre.<\/p>\n\n\n\n<p>Mon parcours et ma curiosit\u00e9 m&rsquo;ont emmen\u00e9 \u00e0 explorer tout un tas de m\u00e9thodes dont la m\u00e9diumnit\u00e9, le chamanisme, le passage d&rsquo;\u00e2mes, le magn\u00e9tisme, la psycho-g\u00e9n\u00e9alogie, l&rsquo;importance des \u00e9motions et tant d&rsquo;autres qui finalement me donnent un \u00e9ventail de possibilit\u00e9s pour aider les gens selon ce dont ils ont besoin. Cela s&rsquo;adresse autant \u00e0 des enfants qu&rsquo;\u00e0 des adultes et aux animaux.<\/p>\n\n\n\n<p><\/p>\n","protected":false},"excerpt":{"rendered":"<p>Mon nom? Odile Blanc Passionn\u00e9e de la vie et du vivant voil\u00e0 plus de trente ans que je cherche \u00e0 comprendre le pourquoi de la maladie et que me suis rendu compte que le corps est bien plus complexe qu\u2019il n\u2019y parait.\u00a0 Le c\u00f4t\u00e9 physique et biologique en est une part, mais on oublie souvent&hellip;&nbsp;<a href=\"https:\/\/parlamain.fr\/?page_id=34\" class=\"\" rel=\"bookmark\">Lire la suite &raquo;<span class=\"screen-reader-text\">qui suis-je<\/span><\/a><\/p>\n","protected":false},"author":1,"featured_media":9,"parent":0,"menu_order":2,"comment_status":"closed","ping_status":"closed","template":"","meta":{"neve_meta_sidebar":"","neve_meta_container":"","neve_meta_enable_content_width":"","neve_meta_content_width":0,"neve_meta_title_alignment":"","neve_meta_author_avatar":"","neve_post_elements_order":"","neve_meta_disable_header":"","neve_meta_disable_footer":"","neve_meta_disable_title":"","_ti_tpc_template_sync":false,"_ti_tpc_template_id":"","footnotes":""},"_links":{"self":[{"href":"https:\/\/parlamain.fr\/index.php?rest_route=\/wp\/v2\/pages\/34"}],"collection":[{"href":"https:\/\/parlamain.fr\/index.php?rest_route=\/wp\/v2\/pages"}],"about":[{"href":"https:\/\/parlamain.fr\/index.php?rest_route=\/wp\/v2\/types\/page"}],"author":[{"embeddable":true,"href":"https:\/\/parlamain.fr\/index.php?rest_route=\/wp\/v2\/users\/1"}],"replies":[{"embeddable":true,"href":"https:\/\/parlamain.fr\/index.php?rest_route=%2Fwp%2Fv2%2Fcomments&post=34"}],"version-history":[{"count":15,"href":"https:\/\/parlamain.fr\/index.php?rest_route=\/wp\/v2\/pages\/34\/revisions"}],"predecessor-version":[{"id":238,"href":"https:\/\/parlamain.fr\/index.php?rest_route=\/wp\/v2\/pages\/34\/revisions\/238"}],"wp:featuredmedia":[{"embeddable":true,"href":"https:\/\/parlamain.fr\/index.php?rest_route=\/wp\/v2\/media\/9"}],"wp:attachment":[{"href":"https:\/\/parlamain.fr\/index.php?rest_route=%2Fwp%2Fv2%2Fmedia&parent=34"}],"curies":[{"name":"wp","href":"https:\/\/api.w.org\/{rel}","templated":true}]}}